{"id":197,"date":"2025-01-19T08:50:54","date_gmt":"2025-01-19T07:50:54","guid":{"rendered":"https:\/\/eroenergie.com\/?page_id=197"},"modified":"2025-01-28T10:04:52","modified_gmt":"2025-01-28T09:04:52","slug":"systemes-de-cameras-de-surveillance","status":"publish","type":"page","link":"https:\/\/eroenergie.com\/en\/realisations\/systemes-de-cameras-de-surveillance\/","title":{"rendered":"Surveillance camera systems"},"content":{"rendered":"<!--==============================\n    About Area  \n    ==============================-->\n    <div class=\"about-area-3 space overflow-hidden\" id=\"about-sec\">\n        <div class=\"container\">\n            <div class=\"row gy-80 gx-100\">                \n                <div class=\"col-xl-7\">\n                    <div class=\"about-wrap3\">\n                        <div class=\"title-area mb-25\">\n                            <span class=\"sub-title text-theme\">Surveillance camera systems<i class=\"ri-arrow-right-down-line\"><\/i><\/span>\n                            <h2 class=\"sec-title\">Presentation of the service<\/h2>\n                            <p class=\"sec-text\">EROE offers modern security solutions, with camera systems suitable for industrial and commercial environments.<\/p>\n                            \n                        <\/div>\n                        <div class=\"checklist style6\"> \n                            <ul> \n                                <li><b>Custom studies and installation of video systems.<\/b><\/li>                                                   \n                                \n<li><b>Integration with global security solutions.<\/b><\/li>  \n        \n<li><b>Maintenance to ensure constant operation.<\/b>\n<\/li>                                          \n                            <\/ul>                                                 \n                        <\/div>  \n                     \n                        \n                    <\/div>\n                                \n                <\/div>\n                <div class=\"col-xl-5 col-md-8\">\n                    <div class=\"about-thumb2 mb-30\"> \n                        <div class=\"about-img-2\" data-mask-src=\"https:\/\/eroenergie.com\/wp-content\/themes\/eroe\/assets\/img\/normal\/about_mask3-2.png\">\n                            <img decoding=\"async\" src=\"https:\/\/eroenergie.com\/wp-content\/uploads\/2025\/01\/surveil.png\" alt=\"img\">\n                        <\/div>\n                    <\/div>\n\n                <\/div>\n            <\/div>\n        <\/div>\n    <\/div>","protected":false},"excerpt":{"rendered":"<p>EROE propose des cam\u00e9ras de s\u00e9curit\u00e9 pour industriels et commer\u00e7ants.<\/p>","protected":false},"author":1,"featured_media":374,"parent":22,"menu_order":0,"comment_status":"closed","ping_status":"closed","template":"service-realisation.php","meta":{"_acf_changed":false,"footnotes":""},"class_list":["post-197","page","type-page","status-publish","has-post-thumbnail","hentry"],"acf":[],"_links":{"self":[{"href":"https:\/\/eroenergie.com\/en\/wp-json\/wp\/v2\/pages\/197","targetHints":{"allow":["GET"]}}],"collection":[{"href":"https:\/\/eroenergie.com\/en\/wp-json\/wp\/v2\/pages"}],"about":[{"href":"https:\/\/eroenergie.com\/en\/wp-json\/wp\/v2\/types\/page"}],"author":[{"embeddable":true,"href":"https:\/\/eroenergie.com\/en\/wp-json\/wp\/v2\/users\/1"}],"replies":[{"embeddable":true,"href":"https:\/\/eroenergie.com\/en\/wp-json\/wp\/v2\/comments?post=197"}],"version-history":[{"count":0,"href":"https:\/\/eroenergie.com\/en\/wp-json\/wp\/v2\/pages\/197\/revisions"}],"up":[{"embeddable":true,"href":"https:\/\/eroenergie.com\/en\/wp-json\/wp\/v2\/pages\/22"}],"wp:featuredmedia":[{"embeddable":true,"href":"https:\/\/eroenergie.com\/en\/wp-json\/wp\/v2\/media\/374"}],"wp:attachment":[{"href":"https:\/\/eroenergie.com\/en\/wp-json\/wp\/v2\/media?parent=197"}],"curies":[{"name":"wp","href":"https:\/\/api.w.org\/{rel}","templated":true}]}}