{"id":492,"date":"2025-02-08T16:48:07","date_gmt":"2025-02-08T15:48:07","guid":{"rendered":"https:\/\/eroenergie.com\/?post_type=product&#038;p=492"},"modified":"2025-02-08T16:48:07","modified_gmt":"2025-02-08T15:48:07","slug":"manchon-de-jonction-preisole-mjpt-35","status":"publish","type":"product","link":"http:\/\/eroenergie.com\/en\/product\/manchon-de-jonction-preisole-mjpt-35\/","title":{"rendered":"MJPT 35 PRE-INSULATED JUNCTION SLEEVE"},"content":{"rendered":"<p>Manchon de jonction pr\u00e9isol\u00e9 en aluminium pour les phases, en alliage d&rsquo;aluminium pour le neutre porteur, enduit int\u00e9rieurement de graisse de contact.<\/p>","protected":false},"excerpt":{"rendered":"<p>Manchon de jonction pr\u00e9isol\u00e9 en aluminium pour les phases, en alliage d&rsquo;aluminium pour le neutre porteur, enduit int\u00e9rieurement de graisse de contact.<\/p>","protected":false},"featured_media":493,"template":"","meta":{"_acf_changed":false},"product_brand":[60],"product_cat":[22],"product_tag":[63],"class_list":{"0":"post-492","1":"product","2":"type-product","3":"status-publish","4":"has-post-thumbnail","6":"product_brand-sicam","7":"product_cat-sicame","8":"product_tag-manchon","10":"first","11":"instock","12":"shipping-taxable","13":"product-type-simple"},"acf":[],"_links":{"self":[{"href":"http:\/\/eroenergie.com\/en\/wp-json\/wp\/v2\/product\/492","targetHints":{"allow":["GET"]}}],"collection":[{"href":"http:\/\/eroenergie.com\/en\/wp-json\/wp\/v2\/product"}],"about":[{"href":"http:\/\/eroenergie.com\/en\/wp-json\/wp\/v2\/types\/product"}],"wp:featuredmedia":[{"embeddable":true,"href":"http:\/\/eroenergie.com\/en\/wp-json\/wp\/v2\/media\/493"}],"wp:attachment":[{"href":"http:\/\/eroenergie.com\/en\/wp-json\/wp\/v2\/media?parent=492"}],"wp:term":[{"taxonomy":"product_brand","embeddable":true,"href":"http:\/\/eroenergie.com\/en\/wp-json\/wp\/v2\/product_brand?post=492"},{"taxonomy":"product_cat","embeddable":true,"href":"http:\/\/eroenergie.com\/en\/wp-json\/wp\/v2\/product_cat?post=492"},{"taxonomy":"product_tag","embeddable":true,"href":"http:\/\/eroenergie.com\/en\/wp-json\/wp\/v2\/product_tag?post=492"}],"curies":[{"name":"wp","href":"https:\/\/api.w.org\/{rel}","templated":true}]}}