{"id":291,"date":"2025-01-27T12:19:54","date_gmt":"2025-01-27T11:19:54","guid":{"rendered":"https:\/\/eroenergie.com\/?post_type=product&#038;p=291"},"modified":"2025-06-24T11:30:32","modified_gmt":"2025-06-24T10:30:32","slug":"parafoudre-varisil","status":"publish","type":"product","link":"http:\/\/eroenergie.com\/en\/product\/parafoudre-varisil\/","title":{"rendered":"Lightning arrester"},"content":{"rendered":"<p>Parafoudre de classe Distribution et service intensif avec diff\u00e9rentes options pour installation int\u00e9rieure\/ext\u00e9rieure sur r\u00e9seaux jusqu&rsquo;\u00e0 36 kV.<\/p>","protected":false},"excerpt":{"rendered":"<p>Parafoudre de classe Distribution et service intensif avec diff\u00e9rentes options pour installation int\u00e9rieure\/ext\u00e9rieure sur r\u00e9seaux jusqu&rsquo;\u00e0 36 kV.<\/p>","protected":false},"featured_media":334,"template":"","meta":{"_acf_changed":false},"product_brand":[47],"product_cat":[19,23],"product_tag":[49],"class_list":{"0":"post-291","1":"product","2":"type-product","3":"status-publish","4":"has-post-thumbnail","6":"product_brand-ensto","7":"product_cat-electricite","8":"product_cat-ensto","9":"product_tag-parafoudre","11":"first","12":"instock","13":"shipping-taxable","14":"product-type-simple"},"acf":[],"_links":{"self":[{"href":"http:\/\/eroenergie.com\/en\/wp-json\/wp\/v2\/product\/291","targetHints":{"allow":["GET"]}}],"collection":[{"href":"http:\/\/eroenergie.com\/en\/wp-json\/wp\/v2\/product"}],"about":[{"href":"http:\/\/eroenergie.com\/en\/wp-json\/wp\/v2\/types\/product"}],"wp:featuredmedia":[{"embeddable":true,"href":"http:\/\/eroenergie.com\/en\/wp-json\/wp\/v2\/media\/334"}],"wp:attachment":[{"href":"http:\/\/eroenergie.com\/en\/wp-json\/wp\/v2\/media?parent=291"}],"wp:term":[{"taxonomy":"product_brand","embeddable":true,"href":"http:\/\/eroenergie.com\/en\/wp-json\/wp\/v2\/product_brand?post=291"},{"taxonomy":"product_cat","embeddable":true,"href":"http:\/\/eroenergie.com\/en\/wp-json\/wp\/v2\/product_cat?post=291"},{"taxonomy":"product_tag","embeddable":true,"href":"http:\/\/eroenergie.com\/en\/wp-json\/wp\/v2\/product_tag?post=291"}],"curies":[{"name":"wp","href":"https:\/\/api.w.org\/{rel}","templated":true}]}}