{"id":178,"date":"2025-01-18T15:01:10","date_gmt":"2025-01-18T14:01:10","guid":{"rendered":"https:\/\/eroenergie.com\/?post_type=product&#038;p=178"},"modified":"2025-02-15T23:24:08","modified_gmt":"2025-02-15T22:24:08","slug":"connecteur-a-perforation-disolant-de-court-circuit-ttd-3-cca","status":"publish","type":"product","link":"http:\/\/eroenergie.com\/en\/product\/connecteur-a-perforation-disolant-de-court-circuit-ttd-3-cca\/","title":{"rendered":"Connecteur \u00e0 perforation d&rsquo;isolant de court-circuit TTD 3 CCA"},"content":{"rendered":"<p>Connecteur \u00e0 structure isolante de haute r\u00e9sistance m\u00e9canique et climatique.<\/p>\n<p>Bloc de d\u00e9rivation \u00e9quip\u00e9 d&rsquo;une fiche m\u00e2le de s\u00e9curit\u00e9, \u00e0 verrouillage par ba\u00efonnette normalis\u00e9e perc\u00e9e en extr\u00e9mit\u00e9 d&rsquo;un trou pour mesure de tension.<\/p>\n<p>Prot\u00e9g\u00e9e par un capot isolant avec ouverture basse munie d&rsquo;index amovibles pour identification phases et neutre.<\/p>\n<p>Syst\u00e8me d&rsquo;\u00e9tanch\u00e9it\u00e9 assurant la reconstitution d&rsquo;isolement (tenue di\u00e9lectrique 6 kV dans l&rsquo;eau).<\/p>\n<p>Facilit\u00e9 de pose et d&rsquo;utilisation : perforation d&rsquo;isolant (TTD . CCA), t\u00eate fusible, visserie hors potentiel, extr\u00e9mit\u00e9 de la fiche m\u00e2le prot\u00e9g\u00e9e contre tout contact \u00e9ventuel.<\/p>","protected":false},"excerpt":{"rendered":"<p class=\"text\">Temporary socket connector for grounding and short-circuiting. Connector with insulating structure of high mechanical and climatic resistance.<\/p>","protected":false},"featured_media":180,"template":"","meta":{"_acf_changed":false},"product_brand":[],"product_cat":[19,22],"product_tag":[31,32],"class_list":{"0":"post-178","1":"product","2":"type-product","3":"status-publish","4":"has-post-thumbnail","6":"product_cat-electricite","7":"product_cat-sicame","8":"product_tag-connecteur-a-parafoudre","9":"product_tag-isolant","11":"first","12":"instock","13":"shipping-taxable","14":"product-type-simple"},"acf":[],"_links":{"self":[{"href":"http:\/\/eroenergie.com\/en\/wp-json\/wp\/v2\/product\/178","targetHints":{"allow":["GET"]}}],"collection":[{"href":"http:\/\/eroenergie.com\/en\/wp-json\/wp\/v2\/product"}],"about":[{"href":"http:\/\/eroenergie.com\/en\/wp-json\/wp\/v2\/types\/product"}],"wp:featuredmedia":[{"embeddable":true,"href":"http:\/\/eroenergie.com\/en\/wp-json\/wp\/v2\/media\/180"}],"wp:attachment":[{"href":"http:\/\/eroenergie.com\/en\/wp-json\/wp\/v2\/media?parent=178"}],"wp:term":[{"taxonomy":"product_brand","embeddable":true,"href":"http:\/\/eroenergie.com\/en\/wp-json\/wp\/v2\/product_brand?post=178"},{"taxonomy":"product_cat","embeddable":true,"href":"http:\/\/eroenergie.com\/en\/wp-json\/wp\/v2\/product_cat?post=178"},{"taxonomy":"product_tag","embeddable":true,"href":"http:\/\/eroenergie.com\/en\/wp-json\/wp\/v2\/product_tag?post=178"}],"curies":[{"name":"wp","href":"https:\/\/api.w.org\/{rel}","templated":true}]}}