{"id":546,"date":"2025-03-06T06:44:13","date_gmt":"2025-03-06T05:44:13","guid":{"rendered":"https:\/\/eroenergie.com\/?page_id=546"},"modified":"2025-03-06T13:20:06","modified_gmt":"2025-03-06T12:20:06","slug":"service-commercial","status":"publish","type":"page","link":"http:\/\/eroenergie.com\/en\/realisations\/service-commercial\/","title":{"rendered":"Sales department"},"content":{"rendered":"<!--==============================\n    About Area  \n    ==============================-->\n    <div class=\"about-area-3 space overflow-hidden\" id=\"about-sec\">\n        <div class=\"container\">\n            <div class=\"row gy-80 gx-100\">                \n                <div class=\"col-xl-7\">\n                    <div class=\"about-wrap3\">\n                        <div class=\"title-area mb-25\">\n                            <span class=\"sub-title text-theme\">Sales department <i class=\"ri-arrow-right-down-line\"><\/i><\/span>\n                            <h2 class=\"sec-title\">Presentation of the service<\/h2>\n                            <p class=\"sec-text\">Our company has a dynamic sales department dedicated to meeting customer needs with professionalism. This department ensures product promotion, customer relationship management, and project monitoring.\n\nThanks to a personalized approach, it ensures partner satisfaction while strengthening the company's position in the electrical engineering market.<\/p>\n                            \n                        <\/div>                          \n                                \n                <\/div>\n<\/div>\n                <div class=\"col-xl-5 col-md-8\">\n                    <div class=\"about-thumb2 mb-30\"> \n                        <div class=\"about-img-2\" data-mask-src=\"https:\/\/eroenergie.com\/wp-content\/themes\/eroe\/assets\/img\/normal\/about_mask3-2.png\">\n                            <img decoding=\"async\" src=\"https:\/\/eroenergie.com\/wp-content\/uploads\/2025\/03\/96070.jpg\" alt=\"img\">\n                        <\/div>\n                    <\/div>\n\n                <\/div>\n            <\/div>\n        <\/div>\n    <\/div>\n\n\n\n<p><\/p>","protected":false},"excerpt":{"rendered":"<p>Service commercial Pr\u00e9sentation du service Notre entreprise dispose d\u2019un service commercial dynamique ,charge de r\u00e9pondre aux besoins de ses clients avec professionnalisme. Ce service assure la promotion des produits ,la gestion des relations clients et le suivie des projets. Gr\u00e2ce \u00e0 une approche personnalis\u00e9e il garantit la satisfaction des partenaires tout en renfor\u00e7ant la position [&hellip;]<\/p>","protected":false},"author":1,"featured_media":551,"parent":22,"menu_order":0,"comment_status":"closed","ping_status":"closed","template":"service-realisation.php","meta":{"_acf_changed":false,"footnotes":""},"class_list":["post-546","page","type-page","status-publish","has-post-thumbnail","hentry"],"acf":[],"_links":{"self":[{"href":"http:\/\/eroenergie.com\/en\/wp-json\/wp\/v2\/pages\/546","targetHints":{"allow":["GET"]}}],"collection":[{"href":"http:\/\/eroenergie.com\/en\/wp-json\/wp\/v2\/pages"}],"about":[{"href":"http:\/\/eroenergie.com\/en\/wp-json\/wp\/v2\/types\/page"}],"author":[{"embeddable":true,"href":"http:\/\/eroenergie.com\/en\/wp-json\/wp\/v2\/users\/1"}],"replies":[{"embeddable":true,"href":"http:\/\/eroenergie.com\/en\/wp-json\/wp\/v2\/comments?post=546"}],"version-history":[{"count":0,"href":"http:\/\/eroenergie.com\/en\/wp-json\/wp\/v2\/pages\/546\/revisions"}],"up":[{"embeddable":true,"href":"http:\/\/eroenergie.com\/en\/wp-json\/wp\/v2\/pages\/22"}],"wp:featuredmedia":[{"embeddable":true,"href":"http:\/\/eroenergie.com\/en\/wp-json\/wp\/v2\/media\/551"}],"wp:attachment":[{"href":"http:\/\/eroenergie.com\/en\/wp-json\/wp\/v2\/media?parent=546"}],"curies":[{"name":"wp","href":"https:\/\/api.w.org\/{rel}","templated":true}]}}