{"id":199,"date":"2025-01-19T08:44:16","date_gmt":"2025-01-19T07:44:16","guid":{"rendered":"https:\/\/eroenergie.com\/?page_id=199"},"modified":"2025-01-28T10:06:40","modified_gmt":"2025-01-28T09:06:40","slug":"etude-et-realisation-de-projets-hydrogaz","status":"publish","type":"page","link":"http:\/\/eroenergie.com\/en\/realisations\/etude-et-realisation-de-projets-hydrogaz\/","title":{"rendered":"Study and implementation of hydrogas projects"},"content":{"rendered":"<!--==============================\n    About Area  \n    ==============================-->\n    <div class=\"about-area-3 space overflow-hidden\" id=\"about-sec\">\n        <div class=\"container\">\n            <div class=\"row gy-80 gx-100\">                \n                <div class=\"col-xl-7\">\n                    <div class=\"about-wrap3\">\n                        <div class=\"title-area mb-25\">\n                            <span class=\"sub-title text-theme\">Study and implementation of hydrogas projects <i class=\"ri-arrow-right-down-line\"><\/i><\/span>\n                            <h2 class=\"sec-title\">Presentation of the service<\/h2>\n                            <p class=\"sec-text\">EROE supports its clients in the development of projects related to hydraulics and gas, with expertise in study, design, and implementation. <\/p>\n                            \n                        <\/div>\n                        <div class=\"checklist style6\"> \n                            <ul> \n                                <li><b>Analysis of specific hydrogas needs.<\/b><\/li>                                                   \n                                \n<li><b>Installation of suitable equipment for optimal efficiency.<\/b><\/li>  \n        \n<li><b>Technical assistance and maintenance.<\/b>\n<\/li>                                          \n                            <\/ul>                                                 \n                        <\/div>  \n                     \n                        \n                    <\/div>\n                                \n                <\/div>\n                <div class=\"col-xl-5 col-md-8\">\n                    <div class=\"about-thumb2 mb-30\"> \n                        <div class=\"about-img-2\" data-mask-src=\"https:\/\/eroenergie.com\/wp-content\/themes\/eroe\/assets\/img\/normal\/about_mask3-2.png\">\n                            <img decoding=\"async\" src=\"https:\/\/eroenergie.com\/wp-content\/uploads\/2025\/01\/hydro.png\" alt=\"img\">\n                        <\/div>\n                    <\/div>\n\n                <\/div>\n            <\/div>\n        <\/div>\n    <\/div>\n\n\n\n<p><\/p>","protected":false},"excerpt":{"rendered":"<p>EROE accompagne ses clients dans les projets hydrauliques et gaziers, de l\u2019\u00e9tude \u00e0 la mise en \u0153uvre.<\/p>","protected":false},"author":1,"featured_media":380,"parent":22,"menu_order":0,"comment_status":"closed","ping_status":"closed","template":"service-realisation.php","meta":{"_acf_changed":false,"footnotes":""},"class_list":["post-199","page","type-page","status-publish","has-post-thumbnail","hentry"],"acf":[],"_links":{"self":[{"href":"http:\/\/eroenergie.com\/en\/wp-json\/wp\/v2\/pages\/199","targetHints":{"allow":["GET"]}}],"collection":[{"href":"http:\/\/eroenergie.com\/en\/wp-json\/wp\/v2\/pages"}],"about":[{"href":"http:\/\/eroenergie.com\/en\/wp-json\/wp\/v2\/types\/page"}],"author":[{"embeddable":true,"href":"http:\/\/eroenergie.com\/en\/wp-json\/wp\/v2\/users\/1"}],"replies":[{"embeddable":true,"href":"http:\/\/eroenergie.com\/en\/wp-json\/wp\/v2\/comments?post=199"}],"version-history":[{"count":0,"href":"http:\/\/eroenergie.com\/en\/wp-json\/wp\/v2\/pages\/199\/revisions"}],"up":[{"embeddable":true,"href":"http:\/\/eroenergie.com\/en\/wp-json\/wp\/v2\/pages\/22"}],"wp:featuredmedia":[{"embeddable":true,"href":"http:\/\/eroenergie.com\/en\/wp-json\/wp\/v2\/media\/380"}],"wp:attachment":[{"href":"http:\/\/eroenergie.com\/en\/wp-json\/wp\/v2\/media?parent=199"}],"curies":[{"name":"wp","href":"https:\/\/api.w.org\/{rel}","templated":true}]}}